{"id":541,"date":"2018-11-27T09:17:08","date_gmt":"2018-11-27T09:17:08","guid":{"rendered":"http:\/\/rayxagon.local\/about\/"},"modified":"2024-04-23T17:34:20","modified_gmt":"2024-04-23T16:34:20","slug":"about","status":"publish","type":"page","link":"https:\/\/rayxagon.fr\/en\/about\/","title":{"rendered":"About"},"content":{"rendered":"<div data-elementor-type=\"wp-post\" data-elementor-id=\"541\" class=\"elementor elementor-541\">\n\t\t\t\t<div class=\"elementor-element elementor-element-5f02ddf e-flex e-con-boxed e-con e-parent\" data-id=\"5f02ddf\" data-element_type=\"container\" data-e-type=\"container\" data-settings=\"{&quot;background_background&quot;:&quot;classic&quot;}\">\n\t\t\t\t\t<div class=\"e-con-inner\">\n\t\t<div class=\"elementor-element elementor-element-0502d81 e-con-full e-flex e-con e-child\" data-id=\"0502d81\" data-element_type=\"container\" data-e-type=\"container\">\n\t\t\t\t<div class=\"elementor-element elementor-element-03d202b elementor-widget elementor-widget-heading\" data-id=\"03d202b\" data-element_type=\"widget\" data-e-type=\"widget\" data-widget_type=\"heading.default\">\n\t\t\t\t<div class=\"elementor-widget-container\">\n\t\t\t\t\t<h1 class=\"elementor-heading-title elementor-size-default\">Who are we ?<\/h1>\t\t\t\t<\/div>\n\t\t\t\t<\/div>\n\t\t\t\t<\/div>\n\t\t\t\t\t<\/div>\n\t\t\t\t<\/div>\n\t\t<div class=\"elementor-element elementor-element-ce23579 e-flex e-con-boxed e-con e-parent\" data-id=\"ce23579\" data-element_type=\"container\" data-e-type=\"container\">\n\t\t\t\t\t<div class=\"e-con-inner\">\n\t\t<div class=\"elementor-element elementor-element-89a7aec e-con-full e-flex e-con e-child\" data-id=\"89a7aec\" data-element_type=\"container\" data-e-type=\"container\">\n\t\t\t\t<div class=\"elementor-element elementor-element-a01f0dc elementor-widget elementor-widget-heading\" data-id=\"a01f0dc\" data-element_type=\"widget\" data-e-type=\"widget\" data-widget_type=\"heading.default\">\n\t\t\t\t<div class=\"elementor-widget-container\">\n\t\t\t\t\t<h2 class=\"elementor-heading-title elementor-size-default\">OUR STORY<\/h2>\t\t\t\t<\/div>\n\t\t\t\t<\/div>\n\t\t\t\t<div class=\"elementor-element elementor-element-c43b3dd elementor-widget-divider--view-line elementor-widget elementor-widget-divider\" data-id=\"c43b3dd\" data-element_type=\"widget\" data-e-type=\"widget\" data-widget_type=\"divider.default\">\n\t\t\t\t<div class=\"elementor-widget-container\">\n\t\t\t\t\t\t\t<div class=\"elementor-divider\">\n\t\t\t<span class=\"elementor-divider-separator\">\n\t\t\t\t\t\t<\/span>\n\t\t<\/div>\n\t\t\t\t\t\t<\/div>\n\t\t\t\t<\/div>\n\t\t\t\t<div class=\"elementor-element elementor-element-e871351 elementor-widget elementor-widget-text-editor\" data-id=\"e871351\" data-element_type=\"widget\" data-e-type=\"widget\" data-widget_type=\"text-editor.default\">\n\t\t\t\t<div class=\"elementor-widget-container\">\n\t\t\t\t\t\t\t\t\t<div id=\"primary\" class=\"content-area clr\"><div id=\"content\" class=\"site-content clr\"><article class=\"single-page-article clr\"><div class=\"entry clr\"><div class=\"elementor elementor-2\" data-elementor-type=\"wp-page\" data-elementor-id=\"2\"><div class=\"elementor-element elementor-element-60b112e1 e-flex e-con-boxed e-con e-parent\" data-id=\"60b112e1\" data-element_type=\"container\" data-settings=\"{&quot;content_width&quot;:&quot;boxed&quot;}\" data-core-v316-plus=\"true\"><div class=\"e-con-inner\"><div class=\"elementor-element elementor-element-7a44d9e0 elementor-widget elementor-widget-text-editor\" data-id=\"7a44d9e0\" data-element_type=\"widget\" data-widget_type=\"text-editor.default\"><div class=\"elementor-widget-container\"><p>\u00a0<\/p><p>Founded in 2023 by a technology geek, RayXagon aims to make a range of night vision equipment designed and manufactured in France accessible to as many people as possible.<\/p><p>With solid experience in the design and manufacture of military drones and weapons, the RayXagon team is able to offer a complete range of products for the most demanding users.<\/p><\/div><\/div><\/div><\/div><\/div><\/div><\/article><\/div><\/div>\t\t\t\t\t\t\t\t<\/div>\n\t\t\t\t<\/div>\n\t\t\t\t<\/div>\n\t\t<div class=\"elementor-element elementor-element-e8e4600 e-con-full e-flex e-con e-child\" data-id=\"e8e4600\" data-element_type=\"container\" data-e-type=\"container\">\n\t\t\t\t<div class=\"elementor-element elementor-element-6060d91 elementor-widget elementor-widget-image\" data-id=\"6060d91\" data-element_type=\"widget\" data-e-type=\"widget\" data-widget_type=\"image.default\">\n\t\t\t\t<div class=\"elementor-widget-container\">\n\t\t\t\t\t\t\t\t\t\t\t\t\t\t\t<img fetchpriority=\"high\" decoding=\"async\" width=\"1920\" height=\"1280\" src=\"https:\/\/rayxagon.fr\/wp-content\/uploads\/2024\/04\/IMG_0319-Enhanced-NR-1.jpg\" class=\"attachment-full size-full wp-image-1738\" alt=\"\" srcset=\"https:\/\/rayxagon.fr\/wp-content\/uploads\/2024\/04\/IMG_0319-Enhanced-NR-1.jpg 1920w, https:\/\/rayxagon.fr\/wp-content\/uploads\/2024\/04\/IMG_0319-Enhanced-NR-1-600x400.jpg 600w, https:\/\/rayxagon.fr\/wp-content\/uploads\/2024\/04\/IMG_0319-Enhanced-NR-1-768x512.jpg 768w, https:\/\/rayxagon.fr\/wp-content\/uploads\/2024\/04\/IMG_0319-Enhanced-NR-1-18x12.jpg 18w\" sizes=\"(max-width: 1920px) 100vw, 1920px\" \/>\t\t\t\t\t\t\t\t\t\t\t\t\t\t\t<\/div>\n\t\t\t\t<\/div>\n\t\t\t\t<\/div>\n\t\t\t\t\t<\/div>\n\t\t\t\t<\/div>\n\t\t\t\t<\/div>","protected":false},"excerpt":{"rendered":"<p>qui sommes-nous ? Notre parcours \u00a0 Cr\u00e9\u00e9e en 2023 par un passionn\u00e9 de technologies, RayXagon a pour vocation de rendre accessible au plus grand nombre une gamme de mat\u00e9riels de vision nocturne con\u00e7ue et fabriqu\u00e9e en France. Forte d\u2019une exp\u00e9rience solide dans la conception et la fabrication de drones militaires et d\u2019armement, l\u2019\u00e9quipe RayXagon est [&hellip;]<\/p>\n","protected":false},"author":1,"featured_media":0,"parent":0,"menu_order":0,"comment_status":"closed","ping_status":"closed","template":"","meta":{"site-sidebar-layout":"no-sidebar","site-content-layout":"page-builder","ast-site-content-layout":"full-width-container","site-content-style":"unboxed","site-sidebar-style":"unboxed","ast-global-header-display":"","ast-banner-title-visibility":"","ast-main-header-display":"","ast-hfb-above-header-display":"","ast-hfb-below-header-display":"","ast-hfb-mobile-header-display":"","site-post-title":"disabled","ast-breadcrumbs-content":"","ast-featured-img":"disabled","footer-sml-layout":"","theme-transparent-header-meta":"enabled","adv-header-id-meta":"","stick-header-meta":"","header-above-stick-meta":"","header-main-stick-meta":"","header-below-stick-meta":"","astra-migrate-meta-layouts":"set","ast-page-background-enabled":"default","ast-page-background-meta":{"desktop":{"background-color":"","background-image":"","background-repeat":"repeat","background-position":"center center","background-size":"auto","background-attachment":"scroll","background-type":"","background-media":"","overlay-type":"","overlay-color":"","overlay-opacity":"","overlay-gradient":""},"tablet":{"background-color":"","background-image":"","background-repeat":"repeat","background-position":"center center","background-size":"auto","background-attachment":"scroll","background-type":"","background-media":"","overlay-type":"","overlay-color":"","overlay-opacity":"","overlay-gradient":""},"mobile":{"background-color":"","background-image":"","background-repeat":"repeat","background-position":"center center","background-size":"auto","background-attachment":"scroll","background-type":"","background-media":"","overlay-type":"","overlay-color":"","overlay-opacity":"","overlay-gradient":""}},"ast-content-background-meta":{"desktop":{"background-color":"var(--ast-global-color-5)","background-image":"","background-repeat":"repeat","background-position":"center center","background-size":"auto","background-attachment":"scroll","background-type":"","background-media":"","overlay-type":"","overlay-color":"","overlay-opacity":"","overlay-gradient":""},"tablet":{"background-color":"var(--ast-global-color-5)","background-image":"","background-repeat":"repeat","background-position":"center center","background-size":"auto","background-attachment":"scroll","background-type":"","background-media":"","overlay-type":"","overlay-color":"","overlay-opacity":"","overlay-gradient":""},"mobile":{"background-color":"var(--ast-global-color-5)","background-image":"","background-repeat":"repeat","background-position":"center center","background-size":"auto","background-attachment":"scroll","background-type":"","background-media":"","overlay-type":"","overlay-color":"","overlay-opacity":"","overlay-gradient":""}},"footnotes":""},"class_list":["post-541","page","type-page","status-publish","hentry"],"yoast_head":"<!-- This site is optimized with the Yoast SEO plugin v27.5 - https:\/\/yoast.com\/product\/yoast-seo-wordpress\/ -->\n<title>About - RayXagon<\/title>\n<meta name=\"robots\" content=\"index, follow, max-snippet:-1, max-image-preview:large, max-video-preview:-1\" \/>\n<link rel=\"canonical\" href=\"https:\/\/rayxagon.fr\/en\/about\/\" \/>\n<meta property=\"og:locale\" content=\"en_US\" \/>\n<meta property=\"og:type\" content=\"article\" \/>\n<meta property=\"og:title\" content=\"About - RayXagon\" \/>\n<meta property=\"og:description\" content=\"qui sommes-nous ? Notre parcours \u00a0 Cr\u00e9\u00e9e en 2023 par un passionn\u00e9 de technologies, RayXagon a pour vocation de rendre accessible au plus grand nombre une gamme de mat\u00e9riels de vision nocturne con\u00e7ue et fabriqu\u00e9e en France. Forte d\u2019une exp\u00e9rience solide dans la conception et la fabrication de drones militaires et d\u2019armement, l\u2019\u00e9quipe RayXagon est [&hellip;]\" \/>\n<meta property=\"og:url\" content=\"https:\/\/rayxagon.fr\/en\/about\/\" \/>\n<meta property=\"og:site_name\" content=\"RayXagon\" \/>\n<meta property=\"article:publisher\" content=\"https:\/\/www.facebook.com\/profile.php?id=61551551085505\" \/>\n<meta property=\"article:modified_time\" content=\"2024-04-23T16:34:20+00:00\" \/>\n<meta property=\"og:image\" content=\"https:\/\/rayxagon.fr\/wp-content\/uploads\/2024\/04\/IMG_0319-Enhanced-NR.jpg\" \/>\n<meta name=\"twitter:card\" content=\"summary_large_image\" \/>\n<meta name=\"twitter:label1\" content=\"Est. reading time\" \/>\n\t<meta name=\"twitter:data1\" content=\"1 minute\" \/>\n<script type=\"application\/ld+json\" class=\"yoast-schema-graph\">{\"@context\":\"https:\\\/\\\/schema.org\",\"@graph\":[{\"@type\":\"WebPage\",\"@id\":\"https:\\\/\\\/rayxagon.fr\\\/about\\\/\",\"url\":\"https:\\\/\\\/rayxagon.fr\\\/about\\\/\",\"name\":\"About - RayXagon\",\"isPartOf\":{\"@id\":\"https:\\\/\\\/rayxagon.fr\\\/#website\"},\"primaryImageOfPage\":{\"@id\":\"https:\\\/\\\/rayxagon.fr\\\/about\\\/#primaryimage\"},\"image\":{\"@id\":\"https:\\\/\\\/rayxagon.fr\\\/about\\\/#primaryimage\"},\"thumbnailUrl\":\"https:\\\/\\\/rayxagon.fr\\\/wp-content\\\/uploads\\\/2024\\\/04\\\/IMG_0319-Enhanced-NR.jpg\",\"datePublished\":\"2018-11-27T09:17:08+00:00\",\"dateModified\":\"2024-04-23T16:34:20+00:00\",\"breadcrumb\":{\"@id\":\"https:\\\/\\\/rayxagon.fr\\\/about\\\/#breadcrumb\"},\"inLanguage\":\"en-US\",\"potentialAction\":[{\"@type\":\"ReadAction\",\"target\":[\"https:\\\/\\\/rayxagon.fr\\\/about\\\/\"]}]},{\"@type\":\"ImageObject\",\"inLanguage\":\"en-US\",\"@id\":\"https:\\\/\\\/rayxagon.fr\\\/about\\\/#primaryimage\",\"url\":\"https:\\\/\\\/rayxagon.fr\\\/wp-content\\\/uploads\\\/2024\\\/04\\\/IMG_0319-Enhanced-NR.jpg\",\"contentUrl\":\"https:\\\/\\\/rayxagon.fr\\\/wp-content\\\/uploads\\\/2024\\\/04\\\/IMG_0319-Enhanced-NR.jpg\"},{\"@type\":\"BreadcrumbList\",\"@id\":\"https:\\\/\\\/rayxagon.fr\\\/about\\\/#breadcrumb\",\"itemListElement\":[{\"@type\":\"ListItem\",\"position\":1,\"name\":\"Accueil\",\"item\":\"https:\\\/\\\/rayxagon.fr\\\/\"},{\"@type\":\"ListItem\",\"position\":2,\"name\":\"About\"}]},{\"@type\":\"WebSite\",\"@id\":\"https:\\\/\\\/rayxagon.fr\\\/#website\",\"url\":\"https:\\\/\\\/rayxagon.fr\\\/\",\"name\":\"RayXagon\",\"description\":\"RayXagon - Vision Nocturne Fabrication Fran\u00e7aise\",\"publisher\":{\"@id\":\"https:\\\/\\\/rayxagon.fr\\\/#organization\"},\"potentialAction\":[{\"@type\":\"SearchAction\",\"target\":{\"@type\":\"EntryPoint\",\"urlTemplate\":\"https:\\\/\\\/rayxagon.fr\\\/?s={search_term_string}\"},\"query-input\":{\"@type\":\"PropertyValueSpecification\",\"valueRequired\":true,\"valueName\":\"search_term_string\"}}],\"inLanguage\":\"en-US\"},{\"@type\":\"Organization\",\"@id\":\"https:\\\/\\\/rayxagon.fr\\\/#organization\",\"name\":\"RayXagon\",\"url\":\"https:\\\/\\\/rayxagon.fr\\\/\",\"logo\":{\"@type\":\"ImageObject\",\"inLanguage\":\"en-US\",\"@id\":\"https:\\\/\\\/rayxagon.fr\\\/#\\\/schema\\\/logo\\\/image\\\/\",\"url\":\"https:\\\/\\\/rayxagon.fr\\\/wp-content\\\/uploads\\\/2024\\\/05\\\/RayXagon_V1-Rond.png\",\"contentUrl\":\"https:\\\/\\\/rayxagon.fr\\\/wp-content\\\/uploads\\\/2024\\\/05\\\/RayXagon_V1-Rond.png\",\"width\":1500,\"height\":1500,\"caption\":\"RayXagon\"},\"image\":{\"@id\":\"https:\\\/\\\/rayxagon.fr\\\/#\\\/schema\\\/logo\\\/image\\\/\"},\"sameAs\":[\"https:\\\/\\\/www.facebook.com\\\/profile.php?id=61551551085505\",\"https:\\\/\\\/www.instagram.com\\\/rayxagon\"]}]}<\/script>\n<!-- \/ Yoast SEO plugin. -->","yoast_head_json":{"title":"About - RayXagon","robots":{"index":"index","follow":"follow","max-snippet":"max-snippet:-1","max-image-preview":"max-image-preview:large","max-video-preview":"max-video-preview:-1"},"canonical":"https:\/\/rayxagon.fr\/en\/about\/","og_locale":"en_US","og_type":"article","og_title":"About - RayXagon","og_description":"qui sommes-nous ? Notre parcours \u00a0 Cr\u00e9\u00e9e en 2023 par un passionn\u00e9 de technologies, RayXagon a pour vocation de rendre accessible au plus grand nombre une gamme de mat\u00e9riels de vision nocturne con\u00e7ue et fabriqu\u00e9e en France. Forte d\u2019une exp\u00e9rience solide dans la conception et la fabrication de drones militaires et d\u2019armement, l\u2019\u00e9quipe RayXagon est [&hellip;]","og_url":"https:\/\/rayxagon.fr\/en\/about\/","og_site_name":"RayXagon","article_publisher":"https:\/\/www.facebook.com\/profile.php?id=61551551085505","article_modified_time":"2024-04-23T16:34:20+00:00","og_image":[{"url":"https:\/\/rayxagon.fr\/wp-content\/uploads\/2024\/04\/IMG_0319-Enhanced-NR.jpg","type":"","width":"","height":""}],"twitter_card":"summary_large_image","twitter_misc":{"Est. reading time":"1 minute"},"schema":{"@context":"https:\/\/schema.org","@graph":[{"@type":"WebPage","@id":"https:\/\/rayxagon.fr\/about\/","url":"https:\/\/rayxagon.fr\/about\/","name":"About - RayXagon","isPartOf":{"@id":"https:\/\/rayxagon.fr\/#website"},"primaryImageOfPage":{"@id":"https:\/\/rayxagon.fr\/about\/#primaryimage"},"image":{"@id":"https:\/\/rayxagon.fr\/about\/#primaryimage"},"thumbnailUrl":"https:\/\/rayxagon.fr\/wp-content\/uploads\/2024\/04\/IMG_0319-Enhanced-NR.jpg","datePublished":"2018-11-27T09:17:08+00:00","dateModified":"2024-04-23T16:34:20+00:00","breadcrumb":{"@id":"https:\/\/rayxagon.fr\/about\/#breadcrumb"},"inLanguage":"en-US","potentialAction":[{"@type":"ReadAction","target":["https:\/\/rayxagon.fr\/about\/"]}]},{"@type":"ImageObject","inLanguage":"en-US","@id":"https:\/\/rayxagon.fr\/about\/#primaryimage","url":"https:\/\/rayxagon.fr\/wp-content\/uploads\/2024\/04\/IMG_0319-Enhanced-NR.jpg","contentUrl":"https:\/\/rayxagon.fr\/wp-content\/uploads\/2024\/04\/IMG_0319-Enhanced-NR.jpg"},{"@type":"BreadcrumbList","@id":"https:\/\/rayxagon.fr\/about\/#breadcrumb","itemListElement":[{"@type":"ListItem","position":1,"name":"Accueil","item":"https:\/\/rayxagon.fr\/"},{"@type":"ListItem","position":2,"name":"About"}]},{"@type":"WebSite","@id":"https:\/\/rayxagon.fr\/#website","url":"https:\/\/rayxagon.fr\/","name":"RayXagon","description":"RayXagon - Vision Nocturne Fabrication Fran\u00e7aise","publisher":{"@id":"https:\/\/rayxagon.fr\/#organization"},"potentialAction":[{"@type":"SearchAction","target":{"@type":"EntryPoint","urlTemplate":"https:\/\/rayxagon.fr\/?s={search_term_string}"},"query-input":{"@type":"PropertyValueSpecification","valueRequired":true,"valueName":"search_term_string"}}],"inLanguage":"en-US"},{"@type":"Organization","@id":"https:\/\/rayxagon.fr\/#organization","name":"RayXagon","url":"https:\/\/rayxagon.fr\/","logo":{"@type":"ImageObject","inLanguage":"en-US","@id":"https:\/\/rayxagon.fr\/#\/schema\/logo\/image\/","url":"https:\/\/rayxagon.fr\/wp-content\/uploads\/2024\/05\/RayXagon_V1-Rond.png","contentUrl":"https:\/\/rayxagon.fr\/wp-content\/uploads\/2024\/05\/RayXagon_V1-Rond.png","width":1500,"height":1500,"caption":"RayXagon"},"image":{"@id":"https:\/\/rayxagon.fr\/#\/schema\/logo\/image\/"},"sameAs":["https:\/\/www.facebook.com\/profile.php?id=61551551085505","https:\/\/www.instagram.com\/rayxagon"]}]}},"jetpack_sharing_enabled":true,"_links":{"self":[{"href":"https:\/\/rayxagon.fr\/en\/wp-json\/wp\/v2\/pages\/541","targetHints":{"allow":["GET"]}}],"collection":[{"href":"https:\/\/rayxagon.fr\/en\/wp-json\/wp\/v2\/pages"}],"about":[{"href":"https:\/\/rayxagon.fr\/en\/wp-json\/wp\/v2\/types\/page"}],"author":[{"embeddable":true,"href":"https:\/\/rayxagon.fr\/en\/wp-json\/wp\/v2\/users\/1"}],"replies":[{"embeddable":true,"href":"https:\/\/rayxagon.fr\/en\/wp-json\/wp\/v2\/comments?post=541"}],"version-history":[{"count":12,"href":"https:\/\/rayxagon.fr\/en\/wp-json\/wp\/v2\/pages\/541\/revisions"}],"predecessor-version":[{"id":1695,"href":"https:\/\/rayxagon.fr\/en\/wp-json\/wp\/v2\/pages\/541\/revisions\/1695"}],"wp:attachment":[{"href":"https:\/\/rayxagon.fr\/en\/wp-json\/wp\/v2\/media?parent=541"}],"curies":[{"name":"wp","href":"https:\/\/api.w.org\/{rel}","templated":true}]}}