{"id":3,"date":"2024-03-02T19:37:28","date_gmt":"2024-03-02T19:37:28","guid":{"rendered":"http:\/\/rayxagon.local\/?page_id=3"},"modified":"2025-07-31T13:18:11","modified_gmt":"2025-07-31T12:18:11","slug":"privacy-policy","status":"publish","type":"page","link":"https:\/\/rayxagon.fr\/en\/privacy-policy\/","title":{"rendered":"Privacy Policy"},"content":{"rendered":"<div data-elementor-type=\"wp-page\" data-elementor-id=\"3\" class=\"elementor elementor-3\">\n\t\t\t\t<div class=\"elementor-element elementor-element-622dc4cd e-flex e-con-boxed e-con e-parent\" data-id=\"622dc4cd\" data-element_type=\"container\" data-e-type=\"container\">\n\t\t\t\t\t<div class=\"e-con-inner\">\n\t\t\t\t<div class=\"elementor-element elementor-element-30fb6cc elementor-widget-divider--view-line elementor-widget elementor-widget-divider\" data-id=\"30fb6cc\" data-element_type=\"widget\" data-e-type=\"widget\" data-widget_type=\"divider.default\">\n\t\t\t\t<div class=\"elementor-widget-container\">\n\t\t\t\t\t\t\t<div class=\"elementor-divider\">\n\t\t\t<span class=\"elementor-divider-separator\">\n\t\t\t\t\t\t<\/span>\n\t\t<\/div>\n\t\t\t\t\t\t<\/div>\n\t\t\t\t<\/div>\n\t\t\t\t<div class=\"elementor-element elementor-element-4d1df7be elementor-widget elementor-widget-text-editor\" data-id=\"4d1df7be\" data-element_type=\"widget\" data-e-type=\"widget\" data-widget_type=\"text-editor.default\">\n\t\t\t\t<div class=\"elementor-widget-container\">\n\t\t\t\t\t\t\t\t\t\n<h3 class=\"wp-block-heading\">Who are we ?<\/h3>\n\n<p>The address of our website is : https:\/\/rayxagon.fr.<\/p>\n\n<h3 class=\"wp-block-heading\">Commentary<\/h3>\n\n<p>When you leave a comment on our website, the data entered in the comment form, as well as your IP address and browser user agent, are collected to help us detect unwanted comments.<\/p>\n\n<h3 class=\"wp-block-heading\">Media<\/h3>\n\n<p>If you are a registered user and upload images to the website, we recommend avoiding uploading images that contain GPS EXIF metadata. Visitors to the website may download and extract location data from these images.<\/p>\n\n<h3 class=\"wp-block-heading\">Cookies<\/h3>\n<p>If you leave a comment on our site, you may opt to save your name, email address, and website in cookies. This is for your convenience so that you do not have to fill in your details again when you leave another comment. These cookies will last for one year.<\/p>\n<p>If you have an account and log in to this site, a temporary cookie will be set to determine whether your browser accepts cookies. This cookie contains no personal data and is discarded when you close your browser.<\/p>\n<p>When you log in, we will set up several cookies to save your login information and screen display preferences. Login cookies last for two days, and screen option cookies last for one year. If you select \u201cRemember Me,\u201d your login will persist for two weeks. If you log out of your account, the login cookies will be removed.<\/p>\n<p>En modifiant ou en publiant un article, un cookie suppl\u00e9mentaire sera enregistr\u00e9 dans votre navigateur. Ce cookie ne comprend aucune donn\u00e9e personnelle. Il indique simplement l\u2019identifiant de l\u2019article que vous venez de modifier. Il expire au bout d\u2019un jour.<\/p>\n<h3>Embedded content from other websites<\/h3>\n<p>Articles on this site may include embedded content (e.g., videos, images, articles, etc.). Embedded content from other websites behaves in the exact same way as if the visitor had visited the other website.<\/p>\n<p>These websites may collect data about you, use cookies, embed third-party tracking tools, and monitor your interaction with the embedded content if you have an account and are logged in to their website.<\/p>\n\n<h3 class=\"wp-block-heading\">How long we retain your data<\/h3>\n<p>If you leave a comment, the comment and its metadata are retained indefinitely. This allows us to recognize and automatically approve any follow-up comments instead of holding them in a moderation queue.<\/p>\n<p>For users who register on our site (if applicable), we also store the personal information they provide in their user profile. All users can view, edit, or delete their personal information at any time (except their username). Site administrators can also view and edit that information.<\/p>\n<h3>What rights you have over your data<\/h3>\n\n<p>If you have an account or have left comments on the site, you can request to receive a file containing all the personal data we hold about you, including any data you have provided to us. You can also request the deletion of your personal data. This does not include any data we are obliged to keep for administrative, legal, or security purposes.<\/p>\n\n<h3 class=\"wp-block-heading\">Where your data is sent<\/h3>\n\n<p>Visitor comments may be checked through an automated spam detection service.<\/p>\n\t\t\t\t\t\t\t\t<\/div>\n\t\t\t\t<\/div>\n\t\t\t\t\t<\/div>\n\t\t\t\t<\/div>\n\t\t\t\t<\/div>","protected":false},"excerpt":{"rendered":"<p>Qui sommes-nous ? L\u2019adresse de notre site Web est : https:\/\/rayxagon.fr. Commentaires Quand vous laissez un commentaire sur notre site web, les donn\u00e9es inscrites dans le formulaire de commentaire, mais aussi votre adresse IP et l\u2019agent utilisateur de votre navigateur sont collect\u00e9s pour nous aider \u00e0 la d\u00e9tection des commentaires ind\u00e9sirables. M\u00e9dias Si vous \u00eates [&hellip;]<\/p>\n","protected":false},"author":1,"featured_media":0,"parent":0,"menu_order":0,"comment_status":"closed","ping_status":"open","template":"","meta":{"site-sidebar-layout":"default","site-content-layout":"","ast-site-content-layout":"","site-content-style":"default","site-sidebar-style":"default","ast-global-header-display":"","ast-banner-title-visibility":"","ast-main-header-display":"","ast-hfb-above-header-display":"","ast-hfb-below-header-display":"","ast-hfb-mobile-header-display":"","site-post-title":"","ast-breadcrumbs-content":"","ast-featured-img":"","footer-sml-layout":"","theme-transparent-header-meta":"","adv-header-id-meta":"","stick-header-meta":"","header-above-stick-meta":"","header-main-stick-meta":"","header-below-stick-meta":"","astra-migrate-meta-layouts":"default","ast-page-background-enabled":"default","ast-page-background-meta":{"desktop":{"background-color":"","background-image":"","background-repeat":"repeat","background-position":"center center","background-size":"auto","background-attachment":"scroll","background-type":"","background-media":"","overlay-type":"","overlay-color":"","overlay-opacity":"","overlay-gradient":""},"tablet":{"background-color":"","background-image":"","background-repeat":"repeat","background-position":"center center","background-size":"auto","background-attachment":"scroll","background-type":"","background-media":"","overlay-type":"","overlay-color":"","overlay-opacity":"","overlay-gradient":""},"mobile":{"background-color":"","background-image":"","background-repeat":"repeat","background-position":"center center","background-size":"auto","background-attachment":"scroll","background-type":"","background-media":"","overlay-type":"","overlay-color":"","overlay-opacity":"","overlay-gradient":""}},"ast-content-background-meta":{"desktop":{"background-color":"var(--ast-global-color-5)","background-image":"","background-repeat":"repeat","background-position":"center center","background-size":"auto","background-attachment":"scroll","background-type":"","background-media":"","overlay-type":"","overlay-color":"","overlay-opacity":"","overlay-gradient":""},"tablet":{"background-color":"var(--ast-global-color-5)","background-image":"","background-repeat":"repeat","background-position":"center center","background-size":"auto","background-attachment":"scroll","background-type":"","background-media":"","overlay-type":"","overlay-color":"","overlay-opacity":"","overlay-gradient":""},"mobile":{"background-color":"var(--ast-global-color-5)","background-image":"","background-repeat":"repeat","background-position":"center center","background-size":"auto","background-attachment":"scroll","background-type":"","background-media":"","overlay-type":"","overlay-color":"","overlay-opacity":"","overlay-gradient":""}},"footnotes":""},"class_list":["post-3","page","type-page","status-publish","hentry"],"yoast_head":"<!-- This site is optimized with the Yoast SEO plugin v27.5 - https:\/\/yoast.com\/product\/yoast-seo-wordpress\/ -->\n<title>Privacy Policy - RayXagon<\/title>\n<meta name=\"robots\" content=\"index, follow, max-snippet:-1, max-image-preview:large, max-video-preview:-1\" \/>\n<link rel=\"canonical\" href=\"https:\/\/rayxagon.fr\/en\/privacy-policy\/\" \/>\n<meta property=\"og:locale\" content=\"en_US\" \/>\n<meta property=\"og:type\" content=\"article\" \/>\n<meta property=\"og:title\" content=\"Privacy Policy - RayXagon\" \/>\n<meta property=\"og:description\" content=\"Qui sommes-nous ? L\u2019adresse de notre site Web est : https:\/\/rayxagon.fr. Commentaires Quand vous laissez un commentaire sur notre site web, les donn\u00e9es inscrites dans le formulaire de commentaire, mais aussi votre adresse IP et l\u2019agent utilisateur de votre navigateur sont collect\u00e9s pour nous aider \u00e0 la d\u00e9tection des commentaires ind\u00e9sirables. M\u00e9dias Si vous \u00eates [&hellip;]\" \/>\n<meta property=\"og:url\" content=\"https:\/\/rayxagon.fr\/en\/privacy-policy\/\" \/>\n<meta property=\"og:site_name\" content=\"RayXagon\" \/>\n<meta property=\"article:publisher\" content=\"https:\/\/www.facebook.com\/profile.php?id=61551551085505\" \/>\n<meta property=\"article:modified_time\" content=\"2025-07-31T12:18:11+00:00\" \/>\n<meta property=\"og:image\" content=\"https:\/\/rayxagon.fr\/wp-content\/uploads\/2024\/05\/cropped-RayXagon_V1-Rond.png\" \/>\n\t<meta property=\"og:image:width\" content=\"512\" \/>\n\t<meta property=\"og:image:height\" content=\"512\" \/>\n\t<meta property=\"og:image:type\" content=\"image\/png\" \/>\n<meta name=\"twitter:card\" content=\"summary_large_image\" \/>\n<meta name=\"twitter:label1\" content=\"Est. reading time\" \/>\n\t<meta name=\"twitter:data1\" content=\"3 minutes\" \/>\n<script type=\"application\/ld+json\" class=\"yoast-schema-graph\">{\"@context\":\"https:\\\/\\\/schema.org\",\"@graph\":[{\"@type\":\"WebPage\",\"@id\":\"https:\\\/\\\/rayxagon.fr\\\/privacy-policy\\\/\",\"url\":\"https:\\\/\\\/rayxagon.fr\\\/privacy-policy\\\/\",\"name\":\"Privacy Policy - RayXagon\",\"isPartOf\":{\"@id\":\"https:\\\/\\\/rayxagon.fr\\\/#website\"},\"datePublished\":\"2024-03-02T19:37:28+00:00\",\"dateModified\":\"2025-07-31T12:18:11+00:00\",\"breadcrumb\":{\"@id\":\"https:\\\/\\\/rayxagon.fr\\\/privacy-policy\\\/#breadcrumb\"},\"inLanguage\":\"en-US\",\"potentialAction\":[{\"@type\":\"ReadAction\",\"target\":[\"https:\\\/\\\/rayxagon.fr\\\/privacy-policy\\\/\"]}]},{\"@type\":\"BreadcrumbList\",\"@id\":\"https:\\\/\\\/rayxagon.fr\\\/privacy-policy\\\/#breadcrumb\",\"itemListElement\":[{\"@type\":\"ListItem\",\"position\":1,\"name\":\"Accueil\",\"item\":\"https:\\\/\\\/rayxagon.fr\\\/\"},{\"@type\":\"ListItem\",\"position\":2,\"name\":\"Privacy Policy\"}]},{\"@type\":\"WebSite\",\"@id\":\"https:\\\/\\\/rayxagon.fr\\\/#website\",\"url\":\"https:\\\/\\\/rayxagon.fr\\\/\",\"name\":\"RayXagon\",\"description\":\"RayXagon - Vision Nocturne Fabrication Fran\u00e7aise\",\"publisher\":{\"@id\":\"https:\\\/\\\/rayxagon.fr\\\/#organization\"},\"potentialAction\":[{\"@type\":\"SearchAction\",\"target\":{\"@type\":\"EntryPoint\",\"urlTemplate\":\"https:\\\/\\\/rayxagon.fr\\\/?s={search_term_string}\"},\"query-input\":{\"@type\":\"PropertyValueSpecification\",\"valueRequired\":true,\"valueName\":\"search_term_string\"}}],\"inLanguage\":\"en-US\"},{\"@type\":\"Organization\",\"@id\":\"https:\\\/\\\/rayxagon.fr\\\/#organization\",\"name\":\"RayXagon\",\"url\":\"https:\\\/\\\/rayxagon.fr\\\/\",\"logo\":{\"@type\":\"ImageObject\",\"inLanguage\":\"en-US\",\"@id\":\"https:\\\/\\\/rayxagon.fr\\\/#\\\/schema\\\/logo\\\/image\\\/\",\"url\":\"https:\\\/\\\/rayxagon.fr\\\/wp-content\\\/uploads\\\/2024\\\/05\\\/RayXagon_V1-Rond.png\",\"contentUrl\":\"https:\\\/\\\/rayxagon.fr\\\/wp-content\\\/uploads\\\/2024\\\/05\\\/RayXagon_V1-Rond.png\",\"width\":1500,\"height\":1500,\"caption\":\"RayXagon\"},\"image\":{\"@id\":\"https:\\\/\\\/rayxagon.fr\\\/#\\\/schema\\\/logo\\\/image\\\/\"},\"sameAs\":[\"https:\\\/\\\/www.facebook.com\\\/profile.php?id=61551551085505\",\"https:\\\/\\\/www.instagram.com\\\/rayxagon\"]}]}<\/script>\n<!-- \/ Yoast SEO plugin. -->","yoast_head_json":{"title":"Privacy Policy - RayXagon","robots":{"index":"index","follow":"follow","max-snippet":"max-snippet:-1","max-image-preview":"max-image-preview:large","max-video-preview":"max-video-preview:-1"},"canonical":"https:\/\/rayxagon.fr\/en\/privacy-policy\/","og_locale":"en_US","og_type":"article","og_title":"Privacy Policy - RayXagon","og_description":"Qui sommes-nous ? L\u2019adresse de notre site Web est : https:\/\/rayxagon.fr. Commentaires Quand vous laissez un commentaire sur notre site web, les donn\u00e9es inscrites dans le formulaire de commentaire, mais aussi votre adresse IP et l\u2019agent utilisateur de votre navigateur sont collect\u00e9s pour nous aider \u00e0 la d\u00e9tection des commentaires ind\u00e9sirables. M\u00e9dias Si vous \u00eates [&hellip;]","og_url":"https:\/\/rayxagon.fr\/en\/privacy-policy\/","og_site_name":"RayXagon","article_publisher":"https:\/\/www.facebook.com\/profile.php?id=61551551085505","article_modified_time":"2025-07-31T12:18:11+00:00","og_image":[{"width":512,"height":512,"url":"https:\/\/rayxagon.fr\/wp-content\/uploads\/2024\/05\/cropped-RayXagon_V1-Rond.png","type":"image\/png"}],"twitter_card":"summary_large_image","twitter_misc":{"Est. reading time":"3 minutes"},"schema":{"@context":"https:\/\/schema.org","@graph":[{"@type":"WebPage","@id":"https:\/\/rayxagon.fr\/privacy-policy\/","url":"https:\/\/rayxagon.fr\/privacy-policy\/","name":"Privacy Policy - RayXagon","isPartOf":{"@id":"https:\/\/rayxagon.fr\/#website"},"datePublished":"2024-03-02T19:37:28+00:00","dateModified":"2025-07-31T12:18:11+00:00","breadcrumb":{"@id":"https:\/\/rayxagon.fr\/privacy-policy\/#breadcrumb"},"inLanguage":"en-US","potentialAction":[{"@type":"ReadAction","target":["https:\/\/rayxagon.fr\/privacy-policy\/"]}]},{"@type":"BreadcrumbList","@id":"https:\/\/rayxagon.fr\/privacy-policy\/#breadcrumb","itemListElement":[{"@type":"ListItem","position":1,"name":"Accueil","item":"https:\/\/rayxagon.fr\/"},{"@type":"ListItem","position":2,"name":"Privacy Policy"}]},{"@type":"WebSite","@id":"https:\/\/rayxagon.fr\/#website","url":"https:\/\/rayxagon.fr\/","name":"RayXagon","description":"RayXagon - Vision Nocturne Fabrication Fran\u00e7aise","publisher":{"@id":"https:\/\/rayxagon.fr\/#organization"},"potentialAction":[{"@type":"SearchAction","target":{"@type":"EntryPoint","urlTemplate":"https:\/\/rayxagon.fr\/?s={search_term_string}"},"query-input":{"@type":"PropertyValueSpecification","valueRequired":true,"valueName":"search_term_string"}}],"inLanguage":"en-US"},{"@type":"Organization","@id":"https:\/\/rayxagon.fr\/#organization","name":"RayXagon","url":"https:\/\/rayxagon.fr\/","logo":{"@type":"ImageObject","inLanguage":"en-US","@id":"https:\/\/rayxagon.fr\/#\/schema\/logo\/image\/","url":"https:\/\/rayxagon.fr\/wp-content\/uploads\/2024\/05\/RayXagon_V1-Rond.png","contentUrl":"https:\/\/rayxagon.fr\/wp-content\/uploads\/2024\/05\/RayXagon_V1-Rond.png","width":1500,"height":1500,"caption":"RayXagon"},"image":{"@id":"https:\/\/rayxagon.fr\/#\/schema\/logo\/image\/"},"sameAs":["https:\/\/www.facebook.com\/profile.php?id=61551551085505","https:\/\/www.instagram.com\/rayxagon"]}]}},"jetpack_sharing_enabled":true,"_links":{"self":[{"href":"https:\/\/rayxagon.fr\/en\/wp-json\/wp\/v2\/pages\/3","targetHints":{"allow":["GET"]}}],"collection":[{"href":"https:\/\/rayxagon.fr\/en\/wp-json\/wp\/v2\/pages"}],"about":[{"href":"https:\/\/rayxagon.fr\/en\/wp-json\/wp\/v2\/types\/page"}],"author":[{"embeddable":true,"href":"https:\/\/rayxagon.fr\/en\/wp-json\/wp\/v2\/users\/1"}],"replies":[{"embeddable":true,"href":"https:\/\/rayxagon.fr\/en\/wp-json\/wp\/v2\/comments?post=3"}],"version-history":[{"count":13,"href":"https:\/\/rayxagon.fr\/en\/wp-json\/wp\/v2\/pages\/3\/revisions"}],"predecessor-version":[{"id":2974,"href":"https:\/\/rayxagon.fr\/en\/wp-json\/wp\/v2\/pages\/3\/revisions\/2974"}],"wp:attachment":[{"href":"https:\/\/rayxagon.fr\/en\/wp-json\/wp\/v2\/media?parent=3"}],"curies":[{"name":"wp","href":"https:\/\/api.w.org\/{rel}","templated":true}]}}